{"id":12508,"date":"2024-06-26T09:40:56","date_gmt":"2024-06-26T12:40:56","guid":{"rendered":"https:\/\/veracruzbrothersv6.com.br\/site\/?page_id=12508"},"modified":"2024-08-09T13:31:47","modified_gmt":"2024-08-09T16:31:47","slug":"links-uteis","status":"publish","type":"page","link":"https:\/\/veracruzbrothersv6.com.br\/site\/links-uteis\/","title":{"rendered":"Links \u00fateis"},"content":{"rendered":"\t\t<div data-elementor-type=\"wp-page\" data-elementor-id=\"12508\" class=\"elementor elementor-12508\">\n\t\t\t\t\t\t<section class=\"elementor-section elementor-top-section elementor-element elementor-element-c53a249 elementor-section-boxed elementor-section-height-default elementor-section-height-default\" data-id=\"c53a249\" data-element_type=\"section\" data-e-type=\"section\">\n\t\t\t\t\t\t<div class=\"elementor-container elementor-column-gap-default\">\n\t\t\t\t\t<div class=\"elementor-column elementor-col-50 elementor-top-column elementor-element elementor-element-cdf06a2\" data-id=\"cdf06a2\" data-element_type=\"column\" data-e-type=\"column\">\n\t\t\t<div class=\"elementor-widget-wrap elementor-element-populated\">\n\t\t\t\t\t\t<div class=\"elementor-element elementor-element-71cd0f4 elementor-widget elementor-widget-heading\" data-id=\"71cd0f4\" data-element_type=\"widget\" data-e-type=\"widget\" data-widget_type=\"heading.default\">\n\t\t\t\t<div class=\"elementor-widget-container\">\n\t\t\t\t\t<h2 class=\"elementor-heading-title elementor-size-default\">V\u00eddeos<\/h2>\t\t\t\t<\/div>\n\t\t\t\t<\/div>\n\t\t\t\t<div class=\"elementor-element elementor-element-e2031ab elementor-widget elementor-widget-text-editor\" data-id=\"e2031ab\" data-element_type=\"widget\" data-e-type=\"widget\" data-widget_type=\"text-editor.default\">\n\t\t\t\t<div class=\"elementor-widget-container\">\n\t\t\t\t\t\t\t\t\t<p><a href=\"https:\/\/www.youtube.com\/watch?v=xMLE4z0ZXbE\" target=\"_blank\" rel=\"noopener\">\u2022 Problema no sensor de r\u00e9<\/a><br \/><a href=\"https:\/\/www.youtube.com\/watch?v=45lNQTaBR0Q\" target=\"_blank\" rel=\"noopener\">\u2022 B\u00fassola do retrovisor<\/a><br \/><a href=\"https:\/\/www.youtube.com\/watch?v=9e_fN2m793E\" target=\"_blank\" rel=\"noopener\">\u2022 Como desmontar o painel de instrumentos<\/a><br \/><a href=\"https:\/\/www.youtube.com\/watch?v=BDUcCmSkfws\" target=\"_blank\" rel=\"noopener\">\u2022 Como trocar estepe<\/a><br \/><a href=\"https:\/\/www.youtube.com\/watch?v=ctnMzSXDj2U\" target=\"_blank\" rel=\"noopener\">\u2022 Como trocar os pneus da SUV<\/a><br \/><a href=\"https:\/\/www.youtube.com\/watch?v=T6E3WfGYrbo\" target=\"_blank\" rel=\"noopener\">\u2022 HUD Head Display Azul &#8211; Configura\u00e7\u00f5es b\u00e1sicas<\/a><br \/><a href=\"https:\/\/www.youtube.com\/watch?v=B0c0dSBpZz8\" target=\"_blank\" rel=\"noopener\">\u2022 Travamento Hyundai Veracruz &#8211; Aprenda a substituir os rel\u00e9s<\/a><br \/><a href=\"https:\/\/www.youtube.com\/watch?v=W-1iA9LEBN0\" target=\"_blank\" rel=\"noopener\">\u2022 Veracruz Ix35 Fuse Box e OBD2 Port location<\/a><\/p>\t\t\t\t\t\t\t\t<\/div>\n\t\t\t\t<\/div>\n\t\t\t\t\t<\/div>\n\t\t<\/div>\n\t\t\t\t<div class=\"elementor-column elementor-col-50 elementor-top-column elementor-element elementor-element-a9ed916\" data-id=\"a9ed916\" data-element_type=\"column\" data-e-type=\"column\">\n\t\t\t<div class=\"elementor-widget-wrap elementor-element-populated\">\n\t\t\t\t\t\t<div class=\"elementor-element elementor-element-fc171b9 elementor-widget elementor-widget-heading\" data-id=\"fc171b9\" data-element_type=\"widget\" data-e-type=\"widget\" data-widget_type=\"heading.default\">\n\t\t\t\t<div class=\"elementor-widget-container\">\n\t\t\t\t\t<h2 class=\"elementor-heading-title elementor-size-default\">Acess\u00f3rios e Pe\u00e7as<\/h2>\t\t\t\t<\/div>\n\t\t\t\t<\/div>\n\t\t\t\t<div class=\"elementor-element elementor-element-1ff0fb9 elementor-widget elementor-widget-text-editor\" data-id=\"1ff0fb9\" data-element_type=\"widget\" data-e-type=\"widget\" data-widget_type=\"text-editor.default\">\n\t\t\t\t<div class=\"elementor-widget-container\">\n\t\t\t\t\t\t\t\t\t<p><a href=\"https:\/\/workshop-manuals.com\/hyundai\/veracruz_awd\/v6-3.8l\/relays_and_modules\/relays_and_modules_accessories_and_optional_equipment\/alarm_module_(vehicle_antitheft)\/component_information\/locations\/\" target=\"_blank\" rel=\"noopener\">\u2022 Workshop Veracruz<\/a><br \/><a href=\"https:\/\/www.ebay.com\/itm\/163036502832\" target=\"_blank\" rel=\"noopener\">\u2022 Manopla c\u00e2mbio Equus<\/a><br \/><a href=\"https:\/\/www.youtube.com\/watch?v=uPbs2a4o9hE\" target=\"_blank\" rel=\"noopener\">\u2022 Local do sensor de temperatura Veracruz &#8211; Lado motorista<\/a><br \/><a href=\"https:\/\/pt.aliexpress.com\/i\/4001079639542.html\" target=\"_blank\" rel=\"noopener\">\u2022 Comando do v vidro da Veracruz<\/a><br \/><a href=\"https:\/\/www.ebay.com\/itm\/175843303237\" target=\"_blank\" rel=\"noopener\">\u2022 Cinta do Airbag &#8211; Indica\u00e7\u00e3o do brother Bruno Carvalho\u00a0<\/a><br \/><a href=\"https:\/\/a.aliexpress.com\/_mqzGGFU\" target=\"_blank\" rel=\"noopener\">\u2022 HUD P10 OBD2<\/a><br \/><a href=\"https:\/\/produto.mercadolivre.com.br\/MLB-4145089400-sub-woofer-bomber-8-polegadas-200w-rms-bobina-dupla-22-_JM#position%3D7%26search_layout%3Dstack%26type%3Ditem%26tracking_id%3D8bf87638-cae0-466d-8ba4-38e74c3997a2\" target=\"_blank\" rel=\"noopener\">\u2022 Subwoofer para Veracruz<\/a><br \/><a href=\"https:\/\/a.aliexpress.com\/_mPPudDM\" target=\"_blank\" rel=\"noopener\">\u2022 Tampa do acesso a trava do c\u00e2mbio<\/a><br \/><a href=\"https:\/\/produto.mercadolivre.com.br\/MLB-4355809174-rele-trava-eletrica-mini-duplo-7-pinos-hyundai-vera-cruz-ft-_JM\" target=\"_blank\" rel=\"noopener\">\u2022 Rel\u00e9 trava el\u00e9trica Mini Duplo 7 pinos<\/a><br \/><a href=\"https:\/\/produto.mercadolivre.com.br\/MLB-2749139763-luz-cortesia-retrovisor-vera-cruz-lado-esquerdo-original-_JM\" target=\"_blank\" rel=\"noopener\">\u2022 Luz de cortesia do retrovisor &#8211; lado esquerdo original<\/a><br \/><a href=\"https:\/\/a.aliexpress.com\/_mtHKT5c\" target=\"_blank\" rel=\"noopener\">\u2022 Po\u00e7a exterior espelho<\/a><br \/><a href=\"https:\/\/a.aliexpress.com\/_mPKTY3U\" target=\"_blank\" rel=\"noopener\">\u2022 L\u00e2mpada de licen\u00e7a traseira<\/a><br \/><a href=\"https:\/\/produto.mercadolivre.com.br\/MLB-2637928409-bucha-batente-sensor-pedal-luz-freio-vera-cruz-automatico-_JM\" target=\"_blank\" rel=\"noopener\">\u2022 Bucha betente sensor pedal luz de freio<\/a><br \/><a href=\"https:\/\/a.aliexpress.com\/_mP2Ip8S\" target=\"_blank\" rel=\"noopener\">\u2022 Bra\u00e7o e l\u00e2mina do limpador traseiro<\/a><br \/><a href=\"https:\/\/a.aliexpress.com\/_m0Q2W5M\" target=\"_blank\" rel=\"noopener\">\u2022 Chave controle remoto<\/a><br \/><a href=\"https:\/\/a.aliexpress.com\/_mOWF6qm\" target=\"_blank\" rel=\"noopener\">\u2022 Interior da ma\u00e7aneta da porta<\/a><br \/><a href=\"https:\/\/a.aliexpress.com\/_mNguwm2\" target=\"_blank\" rel=\"noopener\">\u2022 Bandeja de material &#8211; Guarni\u00e7\u00e3o<\/a><br \/><a href=\"https:\/\/a.aliexpress.com\/_mK7GXty\" target=\"_blank\" rel=\"noopener\">\u2022 Suporte estepe &#8211; cobre o furo do parafuso<\/a><br \/><a href=\"https:\/\/a.aliexpress.com\/_mKFdsJM\" target=\"_blank\" rel=\"noopener\">\u2022 Adesivo com logotipo<\/a><br \/><a href=\"https:\/\/a.aliexpress.com\/_mLSx8jm\" target=\"_blank\" rel=\"noopener\">\u2022 Tampa radiador de alum\u00ednio<\/a><\/p>\t\t\t\t\t\t\t\t<\/div>\n\t\t\t\t<\/div>\n\t\t\t\t\t<\/div>\n\t\t<\/div>\n\t\t\t\t\t<\/div>\n\t\t<\/section>\n\t\t\t\t<\/div>\n\t\t","protected":false},"excerpt":{"rendered":"<p>V\u00eddeos \u2022 Problema no sensor de r\u00e9\u2022 B\u00fassola do retrovisor\u2022&hellip;<\/p>\n<p> <a class=\"more-link\" href=\"https:\/\/veracruzbrothersv6.com.br\/site\/links-uteis\/\">Leia mais<\/a><\/p>\n","protected":false},"author":1,"featured_media":0,"parent":0,"menu_order":0,"comment_status":"closed","ping_status":"closed","template":"","meta":{"footnotes":""},"class_list":["post-12508","page","type-page","status-publish"],"_links":{"self":[{"href":"https:\/\/veracruzbrothersv6.com.br\/site\/wp-json\/wp\/v2\/pages\/12508","targetHints":{"allow":["GET"]}}],"collection":[{"href":"https:\/\/veracruzbrothersv6.com.br\/site\/wp-json\/wp\/v2\/pages"}],"about":[{"href":"https:\/\/veracruzbrothersv6.com.br\/site\/wp-json\/wp\/v2\/types\/page"}],"author":[{"embeddable":true,"href":"https:\/\/veracruzbrothersv6.com.br\/site\/wp-json\/wp\/v2\/users\/1"}],"replies":[{"embeddable":true,"href":"https:\/\/veracruzbrothersv6.com.br\/site\/wp-json\/wp\/v2\/comments?post=12508"}],"version-history":[{"count":157,"href":"https:\/\/veracruzbrothersv6.com.br\/site\/wp-json\/wp\/v2\/pages\/12508\/revisions"}],"predecessor-version":[{"id":14470,"href":"https:\/\/veracruzbrothersv6.com.br\/site\/wp-json\/wp\/v2\/pages\/12508\/revisions\/14470"}],"wp:attachment":[{"href":"https:\/\/veracruzbrothersv6.com.br\/site\/wp-json\/wp\/v2\/media?parent=12508"}],"curies":[{"name":"wp","href":"https:\/\/api.w.org\/{rel}","templated":true}]}}