{"id":12482,"date":"2024-06-26T09:22:53","date_gmt":"2024-06-26T12:22:53","guid":{"rendered":"https:\/\/veracruzbrothersv6.com.br\/site\/?page_id=12482"},"modified":"2024-07-18T16:42:41","modified_gmt":"2024-07-18T19:42:41","slug":"sobre-nos","status":"publish","type":"page","link":"https:\/\/veracruzbrothersv6.com.br\/site\/sobre-nos\/","title":{"rendered":"Sobre N\u00f3s"},"content":{"rendered":"\t\t<div data-elementor-type=\"wp-page\" data-elementor-id=\"12482\" class=\"elementor elementor-12482\">\n\t\t\t\t\t\t<section class=\"elementor-section elementor-top-section elementor-element elementor-element-ffdd7aa elementor-section-boxed elementor-section-height-default elementor-section-height-default\" data-id=\"ffdd7aa\" data-element_type=\"section\" data-e-type=\"section\">\n\t\t\t\t\t\t<div class=\"elementor-container elementor-column-gap-default\">\n\t\t\t\t\t<div class=\"elementor-column elementor-col-100 elementor-top-column elementor-element elementor-element-2ef0cd5\" data-id=\"2ef0cd5\" data-element_type=\"column\" data-e-type=\"column\">\n\t\t\t<div class=\"elementor-widget-wrap elementor-element-populated\">\n\t\t\t\t\t\t<div class=\"elementor-element elementor-element-014ba35 elementor-widget elementor-widget-text-editor\" data-id=\"014ba35\" data-element_type=\"widget\" data-e-type=\"widget\" data-widget_type=\"text-editor.default\">\n\t\t\t\t<div class=\"elementor-widget-container\">\n\t\t\t\t\t\t\t\t\t<p><strong>Bem-vindo \u00e0 Veracruz V6 Brothers!<\/strong><\/p><p>Somos um grupo apaixonado por todos os aspectos do Hyundai Veracruz, unidos pela nossa admira\u00e7\u00e3o m\u00fatua por este ve\u00edculo excepcional. Desde sua eleg\u00e2ncia atemporal at\u00e9 seu desempenho confi\u00e1vel, estamos aqui para celebrar e compartilhar nossa paix\u00e3o por esse SUV \u00fanico.<\/p><p>Nossa comunidade \u00e9 formada por entusiastas de todos os lugares, desde propriet\u00e1rios orgulhosos at\u00e9 aficionados que admiram a excel\u00eancia do Veracruz. Aqui, buscamos criar um espa\u00e7o acolhedor e vibrante onde todos possam se conectar, trocar experi\u00eancias e descobrir mais sobre esse ve\u00edculo incr\u00edvel.<\/p><p>Al\u00e9m de compartilhar hist\u00f3rias de aventuras e experi\u00eancias de condu\u00e7\u00e3o, tamb\u00e9m nos esfor\u00e7amos para fornecer recursos \u00fateis, dicas de manuten\u00e7\u00e3o e informa\u00e7\u00f5es atualizadas sobre tudo relacionado ao Hyundai Veracruz. Queremos que nossa comunidade seja uma fonte confi\u00e1vel de conhecimento e apoio para todos os entusiastas deste SUV.<\/p><p>Junte-se a n\u00f3s nesta jornada emocionante enquanto exploramos o mundo do Hyundai Veracruz juntos. Seja voc\u00ea um propriet\u00e1rio de longa data ou simplesmente algu\u00e9m que aprecia a beleza e o desempenho deste ve\u00edculo, h\u00e1 um lugar para voc\u00ea em nossa comunidade.<\/p><p>Estamos ansiosos para conhec\u00ea-lo e compartilhar nossa paix\u00e3o pelo Hyundai Veracruz!<\/p><p>Sauda\u00e7\u00f5es,<br \/>A equipe Veracruz V6 Brothers<\/p>\t\t\t\t\t\t\t\t<\/div>\n\t\t\t\t<\/div>\n\t\t\t\t\t<\/div>\n\t\t<\/div>\n\t\t\t\t\t<\/div>\n\t\t<\/section>\n\t\t\t\t<\/div>\n\t\t","protected":false},"excerpt":{"rendered":"<p>Bem-vindo \u00e0 Veracruz V6 Brothers! Somos um grupo apaixonado por&hellip;<\/p>\n<p> <a class=\"more-link\" href=\"https:\/\/veracruzbrothersv6.com.br\/site\/sobre-nos\/\">Leia mais<\/a><\/p>\n","protected":false},"author":1,"featured_media":0,"parent":0,"menu_order":0,"comment_status":"closed","ping_status":"closed","template":"","meta":{"footnotes":""},"class_list":["post-12482","page","type-page","status-publish"],"_links":{"self":[{"href":"https:\/\/veracruzbrothersv6.com.br\/site\/wp-json\/wp\/v2\/pages\/12482","targetHints":{"allow":["GET"]}}],"collection":[{"href":"https:\/\/veracruzbrothersv6.com.br\/site\/wp-json\/wp\/v2\/pages"}],"about":[{"href":"https:\/\/veracruzbrothersv6.com.br\/site\/wp-json\/wp\/v2\/types\/page"}],"author":[{"embeddable":true,"href":"https:\/\/veracruzbrothersv6.com.br\/site\/wp-json\/wp\/v2\/users\/1"}],"replies":[{"embeddable":true,"href":"https:\/\/veracruzbrothersv6.com.br\/site\/wp-json\/wp\/v2\/comments?post=12482"}],"version-history":[{"count":7,"href":"https:\/\/veracruzbrothersv6.com.br\/site\/wp-json\/wp\/v2\/pages\/12482\/revisions"}],"predecessor-version":[{"id":14067,"href":"https:\/\/veracruzbrothersv6.com.br\/site\/wp-json\/wp\/v2\/pages\/12482\/revisions\/14067"}],"wp:attachment":[{"href":"https:\/\/veracruzbrothersv6.com.br\/site\/wp-json\/wp\/v2\/media?parent=12482"}],"curies":[{"name":"wp","href":"https:\/\/api.w.org\/{rel}","templated":true}]}}